{"id":1049,"date":"2018-10-24T19:38:27","date_gmt":"2018-10-24T16:38:27","guid":{"rendered":"https:\/\/vastuu.fi\/?page_id=1049"},"modified":"2026-03-05T15:13:55","modified_gmt":"2026-03-05T13:13:55","slug":"lahjoittamaan","status":"publish","type":"page","link":"https:\/\/vastuu.fi\/?page_id=1049","title":{"rendered":"Lahjoita"},"content":{"rendered":"<div class=\"entry-content\">PSV on vapaaehtoisty\u00f6voimin toimiva yhdistys, jolle yksitt\u00e4isten ihmisten ja yhteis\u00f6jen osallistuminen on keskeist\u00e4 (ker\u00e4yslupa RA\/2020\/1295).<\/div>\n<h2 class=\"entry-content\">Kehitysyhteisty\u00f6hankkeeseen kuuluvan toiminnan tuki\u00a0<a href=\"https:\/\/vastuu.fi\/wp-content\/uploads\/2026\/03\/azima_kortti_puolikas_210x148_4-1.pdf\">https:\/\/vastuu.fi\/wp-content\/uploads\/2026\/03\/azima_kortti_puolikas_210x148_4-1.pdf<\/a><\/h2>\n<div class=\"entry-content\">\n<h2>Esimerkkej\u00e4, miten tekem\u00e4ll\u00e4si kerta- tai kuukausilahjoituksella voidaan auttaa<\/h2>\n<div class=\"page\" title=\"Page 1\">\n<div class=\"section\">\n<div class=\"layoutArea\">\n<div class=\"column\">\n<p><a href=\"https:\/\/vastuu.fi\/wp-content\/uploads\/2022\/12\/2021_esite1_esiteversio3.pdf\" target=\"_blank\" rel=\"noopener\">Helpota terveys- ja k\u00f6yhyyskriisi\u00e4 palestiinalaisleiriss\u00e4<\/a><\/p>\n<p><a href=\"https:\/\/vastuu.fi\/wp-content\/uploads\/2022\/12\/2021_esite2_esiteversio3.pdf\" target=\"_blank\" rel=\"noopener\">Kuukausilahjoitukset perheneuvolaty\u00f6n tukemiseksi<\/a><\/p>\n<\/div>\n<\/div>\n<\/div>\n<\/div>\n<h2>Tue\u00a0kotimaan\u00a0toimintaa<\/h2>\n<p>PSV:n kotimaan toimintaa tuetaan kannatusj\u00e4senmaksuilla. Kannatusj\u00e4senmaksu on ty\u00f6ss\u00e4k\u00e4yv\u00e4lt\u00e4 50e \/ vuosi ja opiskelijalta, el\u00e4kel\u00e4iselt\u00e4 tai ty\u00f6tt\u00f6m\u00e4lt\u00e4 10e \/ vuosi. Kannatusj\u00e4seneksi voit liitty\u00e4 <a href=\"https:\/\/vastuu.fi\/?page_id=1052\">lomakkeella omalla sivullaan<\/a>. Lomakkeen l\u00e4hetetty\u00e4si saat maksuohjeet s\u00e4hk\u00f6postiisi.<\/p>\n<h2>Tue ulkomaisia solidaarisuushankkeita<\/h2>\n<p>Libanonissa voit osoittaa tukesi lasten perheneuvolapalveluiden j\u00e4rjest\u00e4miseen tai erityislasten koulutukseen ja kuntoutukseen.<\/p>\n<p><strong>Mielenterveyspalvelut Etel\u00e4-Libanonin pakolaisleireiss\u00e4<\/strong><\/p>\n<div>Saaja: Psykologien Sosiaalinen Vastuu ry<\/div>\n<div>Tilinumero: FI33 8000 1900 7035 30<\/div>\n<div>MobilePay: 26863 (kertalahjoituksesta 1,75 % menee MobilePaylle)<\/div>\n<div>Viite: 1656<\/div>\n<p>Lahjoitusten avulla mahdollistetaan yhteisty\u00f6j\u00e4rjest\u00f6 Beit Atfal Assumoudin perheneuvoloiden palvelut mielenterveyden, k\u00e4ytt\u00e4ytymisen tai kehityksen h\u00e4iri\u00f6iden vuoksi neuvolaan ohjatuille lapsille. Perheneuvolat palvelevat sek\u00e4 Libanonissa asuvia ett\u00e4 Syyriasta paenneita palestiinalaisperheit\u00e4.<\/p>\n<p>Kuukausimaksut vaihtelevat oman p\u00e4\u00e4t\u00f6ksen mukaan 10-20 eurosta yl\u00f6sp\u00e4in. Yhteis\u00f6t maksavat 50 \u20ac \u2013 1000 \u20ac vuodessa. My\u00f6s kertalahjoitukset ovat tervetulleita. Pakolaislasten mielenterveysty\u00f6 on my\u00f6s oiva kohde merkkip\u00e4iv\u00e4lahjoituksille. Kertalahjoituksellasi voit tarjota esimerkiksi k\u00e4yntikerran perheneuvolan psykologilla (25 e).<\/p>\n<p>Perheneuvolaker\u00e4ys mahdollistaa UM:n kehitysyhteisty\u00f6tuen. Perheneuvolalahjoitukset ovat kehitysyhteisty\u00f6hankkeelta edellytetty\u00e4 omarahoitusosuutta mielenterveyden edist\u00e4misty\u00f6ss\u00e4 (Azima-hankkeessa). Azima-hanke kehitt\u00e4\u00e4 erityisesti leireihin jalkautuvaa sosiaality\u00f6t\u00e4 ja sen uusia ty\u00f6muotoja sek\u00e4 mielenterveysn\u00e4k\u00f6kulman sis\u00e4llytt\u00e4mist\u00e4 kaikkiin palveluihin.<\/p>\n<p><strong>Erityislasten koulutus ja kuntoutus<\/strong><\/p>\n<div>Saaja: Psykologien Sosiaalinen Vastuu ry<\/div>\n<div>Tilinumero: FI33 8000 1900 7035 30<\/div>\n<div>MobilePay: 26863 (kertalahjoituksesta 1,75 % menee MobilePaylle)<\/div>\n<div>Viite: 3230<\/div>\n<p>Lahjoitukset mahdollistavat monivammaisten lasten ja nuorten tarpeiden mukaisen erityisopetuksen ja -kuntoutuksen. Perheneuvolat etsiv\u00e4t lapselle sopivan koulun, luovat vanhempien kanssa yhteisty\u00f6suhteet, seuraavat edistymist\u00e4 ja antavat lasten tarvitsemaa kuntoutusta neuvolassa. Kuntoutuskummilasten joukossa on my\u00f6s Syyriasta paenneiden perheiden lapsia. Ulkoministeri\u00f6 tuki erityislasten opiskelua ja kuntoutusta 2013-15, mutta kehitysyhteisty\u00f6leikkausten vuoksi hanketuki katkesi 2016.<\/p>\n<p>Erityislasten tukimaksu on 1000 euroa vuodessa. Se maksetaan kahdessa er\u00e4ss\u00e4, tammikuussa ja hein\u00e4kuussa. Toistuvaislahjoittajia on 18 lapsella (kes\u00e4kuu 2025), yleens\u00e4 jonkun henkil\u00f6n kokoamina 2-10 henkil\u00f6n ryhmin\u00e4. Usealla lapsella on viiden lahjoittajan ryhm\u00e4, jolloin ryhm\u00e4n j\u00e4senten vuosittainen osuus on 200 \u20ac. Ryhm\u00e4n vastuuhenkil\u00f6 ker\u00e4\u00e4 maksut ja tilitt\u00e4\u00e4 ne PSV:n tilille. PSV tekee sopimuksen lahjoittajan\/ryhm\u00e4n kanssa, jossa selostetaan toiminnan k\u00e4yt\u00e4nn\u00f6t.<\/p>\n<p>Lis\u00e4tietoja erityislasten koulutus- ja kuntoutustoiminnasta ja PSV:n solidaarisuusty\u00f6st\u00e4 Libanonissa: Sirkku.Kivisto (at-merkki) gmail.com<\/p>\n<\/div>\n","protected":false},"excerpt":{"rendered":"<p>PSV on vapaaehtoisty\u00f6voimin toimiva yhdistys, jolle yksitt\u00e4isten ihmisten ja yhteis\u00f6jen osallistuminen on keskeist\u00e4 (ker\u00e4yslupa RA\/2020\/1295). Kehitysyhteisty\u00f6hankkeeseen kuuluvan toiminnan tuki\u00a0https:\/\/vastuu.fi\/wp-content\/uploads\/2026\/03\/azima_kortti_puolikas_210x148_4-1.pdf Esimerkkej\u00e4, miten tekem\u00e4ll\u00e4si kerta- tai kuukausilahjoituksella voidaan auttaa Helpota terveys- ja k\u00f6yhyyskriisi\u00e4 palestiinalaisleiriss\u00e4 Kuukausilahjoitukset perheneuvolaty\u00f6n tukemiseksi Tue\u00a0kotimaan\u00a0toimintaa PSV:n kotimaan toimintaa tuetaan kannatusj\u00e4senmaksuilla. Kannatusj\u00e4senmaksu on ty\u00f6ss\u00e4k\u00e4yv\u00e4lt\u00e4 50e \/ vuosi ja opiskelijalta, el\u00e4kel\u00e4iselt\u00e4 tai ty\u00f6tt\u00f6m\u00e4lt\u00e4 10e \/ vuosi. [&hellip;]<\/p>\n","protected":false},"author":1,"featured_media":0,"parent":0,"menu_order":0,"comment_status":"closed","ping_status":"closed","template":"","meta":{"_monsterinsights_skip_tracking":false,"_monsterinsights_sitenote_active":false,"_monsterinsights_sitenote_note":"","_monsterinsights_sitenote_category":0,"footnotes":""},"class_list":["post-1049","page","type-page","status-publish","hentry"],"_links":{"self":[{"href":"https:\/\/vastuu.fi\/index.php?rest_route=\/wp\/v2\/pages\/1049","targetHints":{"allow":["GET"]}}],"collection":[{"href":"https:\/\/vastuu.fi\/index.php?rest_route=\/wp\/v2\/pages"}],"about":[{"href":"https:\/\/vastuu.fi\/index.php?rest_route=\/wp\/v2\/types\/page"}],"author":[{"embeddable":true,"href":"https:\/\/vastuu.fi\/index.php?rest_route=\/wp\/v2\/users\/1"}],"replies":[{"embeddable":true,"href":"https:\/\/vastuu.fi\/index.php?rest_route=%2Fwp%2Fv2%2Fcomments&post=1049"}],"version-history":[{"count":17,"href":"https:\/\/vastuu.fi\/index.php?rest_route=\/wp\/v2\/pages\/1049\/revisions"}],"predecessor-version":[{"id":2779,"href":"https:\/\/vastuu.fi\/index.php?rest_route=\/wp\/v2\/pages\/1049\/revisions\/2779"}],"wp:attachment":[{"href":"https:\/\/vastuu.fi\/index.php?rest_route=%2Fwp%2Fv2%2Fmedia&parent=1049"}],"curies":[{"name":"wp","href":"https:\/\/api.w.org\/{rel}","templated":true}]}}