{"id":1052,"date":"2018-12-14T15:12:20","date_gmt":"2018-12-14T13:12:20","guid":{"rendered":"https:\/\/vastuu.fi\/?page_id=1052"},"modified":"2022-12-21T17:19:12","modified_gmt":"2022-12-21T15:19:12","slug":"liity-kannatusjaseneksi","status":"publish","type":"page","link":"https:\/\/vastuu.fi\/?page_id=1052","title":{"rendered":"Liity kannatusj\u00e4seneksi"},"content":{"rendered":"<p>PSV:n kannatusj\u00e4senen\u00e4 olet mukana tukemassa kotimaassa teht\u00e4v\u00e4\u00e4 ty\u00f6t\u00e4. J\u00e4senmaksu maksetaan kerran vuodessa. Saat halutessasi 1-2 kertaa vuodessa kannatusj\u00e4senkirjeen, jossa kerrotaan varojen k\u00e4yt\u00f6st\u00e4. J\u00e4seneksi voit liitty\u00e4 alla olevalla lomakkeella (kaikki tiedot ovat pakollisia). L\u00e4hetetty\u00e4si lomakkeen saat s\u00e4hk\u00f6postiisi vahvistusviestin ja maksuohjeet.<\/p>\n<p>Kannatusj\u00e4senmaksun suuruus on:<\/p>\n<p>Opiskelija, el\u00e4kel\u00e4inen tai ty\u00f6t\u00f6n: 10 e \/vuosi<br \/>\nTy\u00f6ss\u00e4k\u00e4yv\u00e4: 50 e \/vuosi<br \/>\nYhteis\u00f6t: 50 \u2013 1000 e \/vuosi<\/p>\n<p><strong>Pankkitili FI91 8000 1771 2034 12<\/strong><br \/>\n<strong>Viite 7210<\/strong><\/p>\n<p>Mik\u00e4li sinulla on kysytt\u00e4v\u00e4\u00e4 kannatusj\u00e4senyydest\u00e4, voit olla yhteydess\u00e4 sihteeriimme sihteeri@vastuu.fi<\/p>\n<p><strong>Vanhat kannatusj\u00e4senkirjeet:<\/strong><\/p>\n<p>PSV Kannatusj\u00e4senkirje 12\/22<\/p>\n<p><a href=\"https:\/\/vastuu.fi\/wp-content\/uploads\/2018\/12\/PSV_Kannatusj\u00e4senkirje_3_18.pdf\">PSV Kannatusj\u00e4senkirje 3\/18<\/a><\/p>\n<p><a href=\"https:\/\/vastuu.fi\/wp-content\/uploads\/2018\/12\/PSV_Kannatusj\u00e4senkirje_3_17.pdf\">PSV Kannatusj\u00e4senkirje 3\/17<\/a><\/p>\n<h2>Liity kannatusj\u00e4seneksi \/ P\u00e4ivit\u00e4 yhteystietosi<\/h2>\n\n<div class=\"wpcf7 no-js\" id=\"wpcf7-f1051-o1\" lang=\"fi\" dir=\"ltr\" data-wpcf7-id=\"1051\">\n<div class=\"screen-reader-response\"><p role=\"status\" aria-live=\"polite\" aria-atomic=\"true\"><\/p> <ul><\/ul><\/div>\n<form action=\"\/index.php?rest_route=%2Fwp%2Fv2%2Fpages%2F1052#wpcf7-f1051-o1\" method=\"post\" class=\"wpcf7-form init\" aria-label=\"Yhteydenottolomake\" novalidate=\"novalidate\" data-status=\"init\">\n<fieldset class=\"hidden-fields-container\"><input type=\"hidden\" name=\"_wpcf7\" value=\"1051\" \/><input type=\"hidden\" name=\"_wpcf7_version\" value=\"6.1.5\" \/><input type=\"hidden\" name=\"_wpcf7_locale\" value=\"fi\" \/><input type=\"hidden\" name=\"_wpcf7_unit_tag\" value=\"wpcf7-f1051-o1\" \/><input type=\"hidden\" name=\"_wpcf7_container_post\" value=\"0\" \/><input type=\"hidden\" name=\"_wpcf7_posted_data_hash\" value=\"\" \/><input type=\"hidden\" name=\"_wpcf7_recaptcha_response\" value=\"\" \/>\n<\/fieldset>\n<p><label> Nimi<br \/>\n<span class=\"wpcf7-form-control-wrap\" data-name=\"your-name\"><input size=\"40\" maxlength=\"400\" class=\"wpcf7-form-control wpcf7-text wpcf7-validates-as-required\" aria-required=\"true\" aria-invalid=\"false\" value=\"\" type=\"text\" name=\"your-name\" \/><\/span> <\/label>\n<\/p>\n<p><label> S\u00e4hk\u00f6posti<br \/>\n<span class=\"wpcf7-form-control-wrap\" data-name=\"your-email\"><input size=\"40\" maxlength=\"400\" class=\"wpcf7-form-control wpcf7-email wpcf7-validates-as-required wpcf7-text wpcf7-validates-as-email\" aria-required=\"true\" aria-invalid=\"false\" value=\"\" type=\"email\" name=\"your-email\" \/><\/span> <\/label>\n<\/p>\n<p><label> Kotipaikkakunta<br \/>\n<span class=\"wpcf7-form-control-wrap\" data-name=\"text-612\"><input size=\"40\" maxlength=\"400\" class=\"wpcf7-form-control wpcf7-text wpcf7-validates-as-required\" aria-required=\"true\" aria-invalid=\"false\" value=\"\" type=\"text\" name=\"text-612\" \/><\/span><br \/>\n<span class=\"wpcf7-form-control-wrap\" data-name=\"acceptance-jasenyys\"><span class=\"wpcf7-form-control wpcf7-acceptance optional\"><span class=\"wpcf7-list-item\"><label><input type=\"checkbox\" name=\"acceptance-jasenyys\" value=\"1\" checked=\"checked\" aria-invalid=\"false\" \/><span class=\"wpcf7-list-item-label\">Haluan liitty\u00e4 Psykologien Sosiaalinen Vastuu ry:n kannatusj\u00e4seneksi.<\/span><\/label><\/span><\/span><\/span><br \/>\n<span class=\"wpcf7-form-control-wrap\" data-name=\"acceptance-kirje\"><span class=\"wpcf7-form-control wpcf7-acceptance optional\"><span class=\"wpcf7-list-item\"><label><input type=\"checkbox\" name=\"acceptance-kirje\" value=\"1\" checked=\"checked\" aria-invalid=\"false\" \/><span class=\"wpcf7-list-item-label\">Haluan saada PSV:n kannatusj\u00e4senkirjeen 1-2 kertaa vuodessa s\u00e4hk\u00f6postiini.<\/span><\/label><\/span><\/span><\/span><br \/>\n<input class=\"wpcf7-form-control wpcf7-submit has-spinner\" type=\"submit\" value=\"L\u00e4het\u00e4\" \/><\/label>\n<\/p><div class=\"wpcf7-response-output\" aria-hidden=\"true\"><\/div>\n<\/form>\n<\/div>\n\n","protected":false},"excerpt":{"rendered":"<p>PSV:n kannatusj\u00e4senen\u00e4 olet mukana tukemassa kotimaassa teht\u00e4v\u00e4\u00e4 ty\u00f6t\u00e4. J\u00e4senmaksu maksetaan kerran vuodessa. Saat halutessasi 1-2 kertaa vuodessa kannatusj\u00e4senkirjeen, jossa kerrotaan varojen k\u00e4yt\u00f6st\u00e4. J\u00e4seneksi voit liitty\u00e4 alla olevalla lomakkeella (kaikki tiedot ovat pakollisia). L\u00e4hetetty\u00e4si lomakkeen saat s\u00e4hk\u00f6postiisi vahvistusviestin ja maksuohjeet. Kannatusj\u00e4senmaksun suuruus on: Opiskelija, el\u00e4kel\u00e4inen tai ty\u00f6t\u00f6n: 10 e \/vuosi Ty\u00f6ss\u00e4k\u00e4yv\u00e4: 50 e \/vuosi Yhteis\u00f6t: 50 [&hellip;]<\/p>\n","protected":false},"author":1,"featured_media":0,"parent":0,"menu_order":0,"comment_status":"closed","ping_status":"closed","template":"","meta":{"_monsterinsights_skip_tracking":false,"_monsterinsights_sitenote_active":false,"_monsterinsights_sitenote_note":"","_monsterinsights_sitenote_category":0,"footnotes":""},"class_list":["post-1052","page","type-page","status-publish","hentry"],"_links":{"self":[{"href":"https:\/\/vastuu.fi\/index.php?rest_route=\/wp\/v2\/pages\/1052","targetHints":{"allow":["GET"]}}],"collection":[{"href":"https:\/\/vastuu.fi\/index.php?rest_route=\/wp\/v2\/pages"}],"about":[{"href":"https:\/\/vastuu.fi\/index.php?rest_route=\/wp\/v2\/types\/page"}],"author":[{"embeddable":true,"href":"https:\/\/vastuu.fi\/index.php?rest_route=\/wp\/v2\/users\/1"}],"replies":[{"embeddable":true,"href":"https:\/\/vastuu.fi\/index.php?rest_route=%2Fwp%2Fv2%2Fcomments&post=1052"}],"version-history":[{"count":9,"href":"https:\/\/vastuu.fi\/index.php?rest_route=\/wp\/v2\/pages\/1052\/revisions"}],"predecessor-version":[{"id":2390,"href":"https:\/\/vastuu.fi\/index.php?rest_route=\/wp\/v2\/pages\/1052\/revisions\/2390"}],"wp:attachment":[{"href":"https:\/\/vastuu.fi\/index.php?rest_route=%2Fwp%2Fv2%2Fmedia&parent=1052"}],"curies":[{"name":"wp","href":"https:\/\/api.w.org\/{rel}","templated":true}]}}