{"id":1100,"date":"2018-12-14T16:32:31","date_gmt":"2018-12-14T14:32:31","guid":{"rendered":"https:\/\/vastuu.fi\/?page_id=1100"},"modified":"2021-03-31T07:52:04","modified_gmt":"2021-03-31T04:52:04","slug":"libanonin-raportit","status":"publish","type":"page","link":"https:\/\/vastuu.fi\/?page_id=1100","title":{"rendered":"Libanonin raportit 2020"},"content":{"rendered":"<p><span style=\"color: #333333;\"><strong>Palautekysely perheneuvoloiden vanhemmille 10\/2020<br \/><\/strong><\/span><a style=\"color: #333333;\" href=\"https:\/\/vastuu.fi\/wp-content\/uploads\/2021\/03\/Parents-feedback-survey-report-11_2020_final.docx\">https:\/\/vastuu.fi\/wp-content\/uploads\/2021\/03\/Parents-feedback-survey-report-11_2020_final.docx<\/a><\/p>\n<p><strong>MSN children Progress Report 2019-2020<\/strong><br \/><a href=\"https:\/\/vastuu.fi\/wp-content\/uploads\/2021\/03\/MSN-Children-Progress-report-2019-20.docx\">https:\/\/vastuu.fi\/wp-content\/uploads\/2021\/03\/MSN-Children-Progress-report-2019-20.docx<\/a><\/p>\n<h4>Libanonin hankkeen raportit 2018<\/h4>\n<p><a href=\"https:\/\/vastuu.fi\/wp-content\/uploads\/2018\/12\/2018_1.pdf\">Report 1\/2018 Project visit report, February 2018<\/a><br \/><a href=\"https:\/\/vastuu.fi\/wp-content\/uploads\/2018\/12\/2018_2.pdf\">Report 2\/2018 Group study trip, September 2018<\/a><br \/><a href=\"https:\/\/vastuu.fi\/wp-content\/uploads\/2018\/12\/2018_3.pdf\">Report 3\/2018 Stress reduction training workshops\u00a0<\/a><br \/><a href=\"https:\/\/vastuu.fi\/wp-content\/uploads\/2018\/12\/2018_4.pdf\">Report 4\/2018 Review of the progress reports of children with multiple special needs<\/a><\/p>\n<h2>Tiivistelm\u00e4 kuntoutuskummilasten vuosiraporteista 2017-18<\/h2>\n<p>Psykologien Sosiaalinen Vastuu ry on muiden eurooppalaisten j\u00e4rjest\u00f6jen ohella tukenut palestiinalaisperheit\u00e4 rahoittavaa \u201cSponsorship program for children with multiple special needs\u201d-ohjelmaa. Ohjelman tavoitteena on tukea erityistarpeisten palestiinalaislasten arkea ja koulunk\u00e4ynti\u00e4 sponsoroimalla kuntoutusta ja koulunk\u00e4ynti\u00e4. Lukuvuoden 2017-18 aikana ohjelmassa oli mukana yhteens\u00e4 160 kuntoutuskummilasta, joista 28 oli oma kuntoutuskummi Suomesta, Italiasta tai Sveitsist\u00e4. T\u00e4ss\u00e4 raportissa tarkasteltiin 30 lapsen otosta, eli otokseen sis\u00e4llytettiin 4 projektin rahoittamaa kummilasta edustavan otannan takaamiseksi. Raportti on kuvaus lasten ajankohtaisesta tilanteesta, millaista apua he ovat saaneet ja kuinka siit\u00e4 hy\u00f6tyneet.<\/p>\n<p>Raportissa tarkastellut lapset olivat i\u00e4lt\u00e4\u00e4n 4 &#8211; 24 -vuotiaita, suurin osa (60%) kuitenkin 12-vuotiaita tai sit\u00e4 nuorempia. Syyt kuntoutustarpeelle vaihtelivat, mutta yleisimmin mainittiin kehitykselliset h\u00e4iri\u00f6t. My\u00f6s tunne-el\u00e4m\u00e4n ja k\u00e4yt\u00f6ksen ongelmia sek\u00e4 elimellisi\u00e4 sairauksia esiintyi. Vaikeudet n\u00e4yttiv\u00e4t olevan p\u00e4\u00e4lekk\u00e4istyvi\u00e4, sill\u00e4 usean lapsen kohdalla oli mainittu useampi kuin yksi syy. Lasten kohdalla arvioitiin yksil\u00f6llisesti erityisopetuksen ja muun kuntoutuksen tarve. Yht\u00e4 lasta lukuun ottamatta kaikki olivat saaneet paikan erityiskoulusta. Puheterapia, psykoterapia ja psykomotorinen terapia olivat usein mainittuja kuntoutusmuotoja. Perheneuvolan sosiaality\u00f6ntekij\u00e4t tekiv\u00e4t jokaisen lapsen perheeseen ainakin yhden kotik\u00e4ynnin vuoden aikana, ja lis\u00e4ksi perheneuvolassa tehtiin seurantaa lasten tilanteista.<\/p>\n<p>Tyytyv\u00e4isyys palveluihin arvioitiin hyv\u00e4ksi. Raportteja koonneet perheneuvoloiden ty\u00f6ntekij\u00e4t arvioivat yhteisty\u00f6n suurimmassa osassa tapauksista hyv\u00e4ksi tai eritt\u00e4in hyv\u00e4ksi kodin, koulun ja perheneuvolan v\u00e4lill\u00e4. 80 % lapsista oli edistynyt kuntoutuksen tavoitteissa hyvin tai eritt\u00e4in hyvin: monen kohdalla mainittiin arkiel\u00e4m\u00e4n taidoissa ja sujuvuudessa tai tunne-el\u00e4m\u00e4n ja k\u00e4ytt\u00e4ytymisen osa-alueilla tapahtuneen parannusta. Lapsen l\u00e4hiverkoston ymm\u00e4rrys lapsen tilanteesta ja tuen tarpeista lis\u00e4\u00e4ntyi. Kokemukset yleisesti raportissa olivat positiivisia, joskin esiin nousi my\u00f6s eritt\u00e4in haasteellisissa olosuhteissa el\u00e4vi\u00e4 perheit\u00e4.<\/p>\n<p>PSV:n yhteisty\u00f6projektin tavoitteena on, ett\u00e4 mahdollisimman moni lapsi saa edellytykset itsen\u00e4iseen ja normaaliin el\u00e4m\u00e4\u00e4n.<\/p>\n\n\n<h2 class=\"wp-block-heading\"><\/h2>\n\n\n\n<p><\/p>\n","protected":false},"excerpt":{"rendered":"<p>Palautekysely perheneuvoloiden vanhemmille 10\/2020https:\/\/vastuu.fi\/wp-content\/uploads\/2021\/03\/Parents-feedback-survey-report-11_2020_final.docx MSN children Progress Report 2019-2020https:\/\/vastuu.fi\/wp-content\/uploads\/2021\/03\/MSN-Children-Progress-report-2019-20.docx Libanonin hankkeen raportit 2018 Report 1\/2018 Project visit report, February 2018Report 2\/2018 Group study trip, September 2018Report 3\/2018 Stress reduction training workshops\u00a0Report 4\/2018 Review of the progress reports of children with multiple special needs Tiivistelm\u00e4 kuntoutuskummilasten vuosiraporteista 2017-18 Psykologien Sosiaalinen Vastuu ry on muiden eurooppalaisten j\u00e4rjest\u00f6jen [&hellip;]<\/p>\n","protected":false},"author":1,"featured_media":0,"parent":0,"menu_order":0,"comment_status":"closed","ping_status":"closed","template":"","meta":{"_monsterinsights_skip_tracking":false,"_monsterinsights_sitenote_active":false,"_monsterinsights_sitenote_note":"","_monsterinsights_sitenote_category":0,"footnotes":""},"class_list":["post-1100","page","type-page","status-publish","hentry"],"_links":{"self":[{"href":"https:\/\/vastuu.fi\/index.php?rest_route=\/wp\/v2\/pages\/1100","targetHints":{"allow":["GET"]}}],"collection":[{"href":"https:\/\/vastuu.fi\/index.php?rest_route=\/wp\/v2\/pages"}],"about":[{"href":"https:\/\/vastuu.fi\/index.php?rest_route=\/wp\/v2\/types\/page"}],"author":[{"embeddable":true,"href":"https:\/\/vastuu.fi\/index.php?rest_route=\/wp\/v2\/users\/1"}],"replies":[{"embeddable":true,"href":"https:\/\/vastuu.fi\/index.php?rest_route=%2Fwp%2Fv2%2Fcomments&post=1100"}],"version-history":[{"count":16,"href":"https:\/\/vastuu.fi\/index.php?rest_route=\/wp\/v2\/pages\/1100\/revisions"}],"predecessor-version":[{"id":2340,"href":"https:\/\/vastuu.fi\/index.php?rest_route=\/wp\/v2\/pages\/1100\/revisions\/2340"}],"wp:attachment":[{"href":"https:\/\/vastuu.fi\/index.php?rest_route=%2Fwp%2Fv2%2Fmedia&parent=1100"}],"curies":[{"name":"wp","href":"https:\/\/api.w.org\/{rel}","templated":true}]}}