{"id":15,"date":"2016-04-09T11:22:26","date_gmt":"2016-04-09T11:22:26","guid":{"rendered":"http:\/\/tuukkamerilainen.com\/vastuu\/?page_id=15"},"modified":"2024-06-19T17:33:57","modified_gmt":"2024-06-19T14:33:57","slug":"kotimaan-toiminta","status":"publish","type":"page","link":"https:\/\/vastuu.fi\/?page_id=15","title":{"rendered":"Paikallisryhm\u00e4t"},"content":{"rendered":"<p>PSV:n paikallisryhmi\u00e4 toimii\/on toiminut Jyv\u00e4skyl\u00e4ss\u00e4, Satakunnassa, Helsingiss\u00e4, Tampereella, Joensuussa ja Turussa.<\/p>\n<h2>PSV Jyv\u00e4skyl\u00e4<\/h2>\n<p>PSV:n Jyv\u00e4skyl\u00e4n paikallisryhm\u00e4 on vuonna 2007 toimintansa aloittanut vapaaehtoistoiminnan ryhm\u00e4 psykologeille ja psykologian opiskelijoille. Paikallisryhm\u00e4n aktiivit j\u00e4rjest\u00e4v\u00e4t erilaisia tapahtumia ja muuta toimintaa. Tarkoituksena on kasvattaa osallistujien tietotaitoa siten, ett\u00e4 osaisimme edist\u00e4\u00e4 parhaalla mahdollisella tavalla jokaisen ihmisen oikeutta psyykkiseen hyvinvointiin.<\/p>\n<p>Tervetuloa mukaan toimintaan!<\/p>\n<p>L\u00f6yd\u00e4t meid\u00e4t Facebookista nimell\u00e4\u00a0<a href=\"https:\/\/www.facebook.com\/groups\/493057497565086\/\">PSV Jyv\u00e4skyl\u00e4.<\/a>\u00a0Ryhm\u00e4ss\u00e4 tiedotamme tapahtumista ja kokouksista. Ota seurantaan my\u00f6s Instagram-tilimme <a href=\"https:\/\/www.instagram.com\/psvjkl\/?igshid=YmMyMTA2M2Y%3D&amp;fbclid=IwAR0zUEd-NoV1N19--E2YIpefvdcITZdBDc2-bCKVSZh4hUQ-_r56SF1fipg\">psvjkl<\/a>.<\/p>\n<p>Ota yhteytt\u00e4: jyvaskyla@vastuu.fi<\/p>\n<h2>PSV Satakunta<\/h2>\n<p>PSV Satakunta on toiminut muun muassa turvapaikanhakijoiden tukemiseen liittyv\u00e4n ty\u00f6n parissa.<\/p>\n<p>Ota yhteytt\u00e4: satakunta@vastuu.fi<\/p>\n<h2>PSV Stadi<\/h2>\n<p>Helsingin paikallisryhm\u00e4n tavoitteena on toimintansa aikana ollut parantaa erityisen haavoittuvassa asemassa olevien psyykkist\u00e4 hyvinvointia p\u00e4\u00e4kaupunkiseudulla. Tavoitteen saavuttamiseksi on j\u00e4rjestetty koulutuksia ja tutustumisk\u00e4yntej\u00e4 sek\u00e4 osallistuttu erilaisiin tapahtumiin. PSV Stadi on tehnyt yhteisty\u00f6t\u00e4 muiden j\u00e4rjest\u00f6jen, kuten Helsingin psykologiyhdistyksen ja psykologian opiskelijoiden ainej\u00e4rjest\u00f6 Kompleksin kanssa.<\/p>\n<p>Seuraa meit\u00e4 Facebookissa: <a href=\"https:\/\/www.facebook.com\/PSVStadi\/\">PSV Stadi<\/a><br \/>\nOta yhteytt\u00e4: stadi@vastuu.fi (ajankohtaisesti Stadin tiimi\u00e4 ei ole toiminnassa)<\/p>\n<h2>PSV Tampere<\/h2>\n<p>Tampereen PSV:n paikallisryhm\u00e4 on innokas ja vahvasti opiskelijapainotteinen joukko, jonka toimintaan kuuluvat aktiiviset tempaukset ja informaation levitt\u00e4minen. J\u00e4rjest\u00e4mme muun muassa monipuolisia luentotilaisuuksia ja varainkeruutapahtumia. Lis\u00e4ksi pid\u00e4mme kerran kuussa Tampereen yliopistolla psykakahvit yhdess\u00e4 psykologian opiskelijoiden ainej\u00e4rjest\u00f6 Cortexin kanssa. Tilaisuuden tuotto lahjoitetaan PSV:n Libanonin hankkeelle. Uutena toimintana Tampereella on alkamassa paperittomien klinikalla ty\u00f6skentely, johon valmistuneet psykologit voivat ilmoittautua mukaan. Uusia toimintamuotoja on my\u00f6s jatkuvasti mietinn\u00e4ss\u00e4, jotta osaltamme voisimme edist\u00e4\u00e4 jokaisen oikeutta psyykkiseen ja sosiaaliseen hyvinvointiin. Kokoustamme noin kerran kuussa ja otamme uusia j\u00e4seni\u00e4 jatkuvasti mukaan!<\/p>\n<p>Liity Facebook-ryhm\u00e4\u00e4mme\u00a0<a href=\"https:\/\/www.facebook.com\/groups\/316212038425456\">PSV-Tampere<\/a>, pysy\u00e4ksesi ajantasalla tapaamisistamme, suunnitelmistamme ja tapahtumistamme. Ota seurantaan my\u00f6s Instagram-tilimme\u00a0<a href=\"https:\/\/www.instagram.com\/psvtampere\/?igshid=YmMyMTA2M2Y%3D&amp;fbclid=IwAR3qMWNJ6Q1fBavk66PhInl6GL088ZnVreFKbO6ycxExNAiUEV-ajcnNcn0\">psvtampere<\/a>.<\/p>\n<p>Ota yhteytt\u00e4: tampere@vastuu.fi<\/p>\n<h2>PSV Joensuu<\/h2>\n<p>Joensuun PSV:n paikallisryhm\u00e4 on PSV:n paikallisryhmist\u00e4 tuorein ja sen toiminnasta vastaavat t\u00e4ll\u00e4 hetkell\u00e4 psykologian opiskelijat. Joensuun paikallisryhm\u00e4n fokuksessa on niin ihmisten kuin luonnon hyvinvointi.<\/p>\n<p>P\u00e4\u00e4set seuraamaan toimintaamme\u00a0<a href=\"https:\/\/www.instagram.com\/psvjoensuu\/?igshid=YmMyMTA2M2Y%3D&amp;fbclid=IwAR386iaAqNGjJYrpye5EqdUUIlom6YdsfSdmxHZwe7JY3S900vlGfzSsgDs\">psvjoensuu<\/a> Instagram-tilin kautta.<\/p>\n<p>Ota yhteytt\u00e4: joensuu@vastuu.fi<\/p>\n<h2>PSV Turku<\/h2>\n<p>PSV-Turku on Turun seudun psykologien ja psykologian opiskelijoiden PSV:n paikallissatelliitti.<\/p>\n<p>Toimintamme aikana olemme j\u00e4rjest\u00e4neet lukuisia tapahtumia, koulutuksia, keskustelutilaisuuksia ja vierailuita. Tapahtumiemme keskeisin\u00e4 teemoina ovat olleet oikeus terveyteen, maahanmuuttajien kanssa ty\u00f6skentely, kidutettujen kohtaaminen terveydenhuollossa sek\u00e4 sijaistraumatisoituminen. PSV-Turku on lis\u00e4ksi ollut keskeisen\u00e4 osana PSV:n Kaakkois-Turkissa koordinoimaa kehitysyhteisty\u00f6hanketta Apua avuntarjoajille.<\/p>\n<p>Ota yhteytt\u00e4: turku@vastuu.fi (Turku-tiimi\u00e4 ei ajankohtaisesti ole toiminnassa)<\/p>\n","protected":false},"excerpt":{"rendered":"<p>PSV:n paikallisryhmi\u00e4 toimii\/on toiminut Jyv\u00e4skyl\u00e4ss\u00e4, Satakunnassa, Helsingiss\u00e4, Tampereella, Joensuussa ja Turussa. PSV Jyv\u00e4skyl\u00e4 PSV:n Jyv\u00e4skyl\u00e4n paikallisryhm\u00e4 on vuonna 2007 toimintansa aloittanut vapaaehtoistoiminnan ryhm\u00e4 psykologeille ja psykologian opiskelijoille. Paikallisryhm\u00e4n aktiivit j\u00e4rjest\u00e4v\u00e4t erilaisia tapahtumia ja muuta toimintaa. Tarkoituksena on kasvattaa osallistujien tietotaitoa siten, ett\u00e4 osaisimme edist\u00e4\u00e4 parhaalla mahdollisella tavalla jokaisen ihmisen oikeutta psyykkiseen hyvinvointiin. Tervetuloa mukaan toimintaan! [&hellip;]<\/p>\n","protected":false},"author":1,"featured_media":0,"parent":0,"menu_order":0,"comment_status":"closed","ping_status":"closed","template":"","meta":{"_monsterinsights_skip_tracking":false,"_monsterinsights_sitenote_active":false,"_monsterinsights_sitenote_note":"","_monsterinsights_sitenote_category":0,"footnotes":""},"class_list":["post-15","page","type-page","status-publish","hentry"],"_links":{"self":[{"href":"https:\/\/vastuu.fi\/index.php?rest_route=\/wp\/v2\/pages\/15","targetHints":{"allow":["GET"]}}],"collection":[{"href":"https:\/\/vastuu.fi\/index.php?rest_route=\/wp\/v2\/pages"}],"about":[{"href":"https:\/\/vastuu.fi\/index.php?rest_route=\/wp\/v2\/types\/page"}],"author":[{"embeddable":true,"href":"https:\/\/vastuu.fi\/index.php?rest_route=\/wp\/v2\/users\/1"}],"replies":[{"embeddable":true,"href":"https:\/\/vastuu.fi\/index.php?rest_route=%2Fwp%2Fv2%2Fcomments&post=15"}],"version-history":[{"count":22,"href":"https:\/\/vastuu.fi\/index.php?rest_route=\/wp\/v2\/pages\/15\/revisions"}],"predecessor-version":[{"id":2581,"href":"https:\/\/vastuu.fi\/index.php?rest_route=\/wp\/v2\/pages\/15\/revisions\/2581"}],"wp:attachment":[{"href":"https:\/\/vastuu.fi\/index.php?rest_route=%2Fwp%2Fv2%2Fmedia&parent=15"}],"curies":[{"name":"wp","href":"https:\/\/api.w.org\/{rel}","templated":true}]}}