{"id":25,"date":"2016-04-09T11:23:12","date_gmt":"2016-04-09T11:23:12","guid":{"rendered":"http:\/\/tuukkamerilainen.com\/vastuu\/?page_id=25"},"modified":"2020-08-31T16:50:55","modified_gmt":"2020-08-31T13:50:55","slug":"tule-mukaan","status":"publish","type":"page","link":"https:\/\/vastuu.fi\/?page_id=25","title":{"rendered":"Tule mukaan"},"content":{"rendered":"<p>Voit osallistua PSV:n toimintaan <a href=\"#paikallisryhma\">paikallisryhmiss\u00e4<\/a>, <a href=\"#paperittomat\">Paperittomien klinikalla<\/a>, <a href=\"#vaikuttaminen\">vaikuttamisty\u00f6ryhm\u00e4ss\u00e4<\/a>, <a href=\"#kehy\">kehitysyhteisty\u00f6hankkeissa<\/a>, tai <a href=\"#asiantuntemus\">antamalla asiantuntemustasi<\/a>! Lahjoitusyhteystiedot l\u00f6yd\u00e4t omilta sivuiltaan: <a href=\"https:\/\/vastuu.fi\/?page_id=1049\">Lahjoita<\/a> \/ <a href=\"https:\/\/vastuu.fi\/?page_id=1052\">Liity kannatusj\u00e4seneksi<\/a>.<\/p>\n<p><a name=\"paikallisryhma\"><\/a><\/p>\n<h2><a href=\"https:\/\/vastuu.fi\/?page_id=15\">Paikallistoiminta<\/a><\/h2>\n<p>Haluaisitko tavata muita psykologeja ja psykologian opiskelijoita, jotka tahtovat hy\u00f6dynt\u00e4\u00e4 ammattitaitoaan oikeudenmukaisemman maailman rakentamisessa? Kiinnostaako esimerkiksi erilaisten tapahtumien ja koulutusten suunnitteleminen yhdess\u00e4 toisten kanssa? Tai onko sinulla ehk\u00e4 mieless\u00e4si jokin uusi toimintaidea, joka odottaa toteuttamistaan?<\/p>\n<p><strong>Ota yhteytt\u00e4 l\u00e4himp\u00e4\u00e4n paikallisryhm\u00e4\u00e4n ja tule mukaan vapaamuotoiseen toimintaan:<br \/>\n<\/strong>jyvaskyla@vastuu.fi<br \/>\nsatakunta@vastuu.fi<br \/>\nstadi@vastuu.fi<br \/>\ntampere@vastuu.fi<br \/>\nturku@vastuu.fi<\/p>\n<p>Lis\u00e4tietoa eri alueiden paikallisryhmist\u00e4 <a href=\"https:\/\/vastuu.fi\/?page_id=15\">Paikallisryhm\u00e4t-sivulla<\/a>.<br \/>\n<a name=\"paperittomat\"><\/a><\/p>\n<h2><a href=\"https:\/\/vastuu.fi\/?page_id=151\">Paperittomien klinikka<\/a><\/h2>\n<p>Paperittomien klinikalle (Global Clinic) etsit\u00e4\u00e4n psykologeja, jotka ovat halukkaita tekem\u00e4\u00e4n asiakasty\u00f6t\u00e4 paperittomien kanssa, joilla ei ole p\u00e4\u00e4sy\u00e4 terveyspalveluihin. Kokemus monikulttuurisesta asiakasty\u00f6st\u00e4 ja\/tai kriisity\u00f6st\u00e4 on toivottavaa, muttei v\u00e4ltt\u00e4m\u00e4t\u00f6nt\u00e4. Lis\u00e4ksi voit ilmoittautua mukaan j\u00e4rjest\u00e4m\u00e4\u00e4n erilaisia tapahtumia, suunnittelemaan toimintaa ja osallistumaan vaikuttamisty\u00f6h\u00f6n. <a href=\"https:\/\/vastuu.fi\/?page_id=151\">Lis\u00e4tietoa Paperittomien klinikan ja PSV:n yhteisty\u00f6st\u00e4<\/a>.<\/p>\n<p>Ota yhteytt\u00e4: klinikka@vastuu.fi<a name=\"turvapaikka\"><\/a><\/p>\n<h2><a href=\"https:\/\/vastuu.fi\/?page_id=19\">Vaikuttamisty\u00f6ryhm\u00e4<\/a><\/h2>\n<p>Jos yhteiskunnallinen vaikuttaminen esimerkiksi mielipidekirjoitusten ja kannanottojen laatimisen muodossa kiinnostaa sinua, vaikuttamisty\u00f6ryhm\u00e4 on hyv\u00e4 tapa tulla mukaan PSV:n toimintaan. Tekij\u00f6it\u00e4 tarvitaan niin median aktiiviseen seuraamiseen, tekstien muotoiluun ja muokkaamiseen kuin uusien vaikuttamisty\u00f6n keinojen kehitt\u00e4miseenkin. <a href=\"https:\/\/vastuu.fi\/?page_id=19\">Lis\u00e4tietoa vaikuttamisty\u00f6st\u00e4 ja julkaistut kannanotot<\/a>.<\/p>\n<p><strong>Ota yhteytt\u00e4:<\/strong><br \/>\nvaikuttamistyo@vastuu.fi<br \/>\n<a name=\"kehy\"><\/a><\/p>\n<h2>Kehitysyhteisty\u00f6hankkeet<\/h2>\n<p>Onko sinulla osaamista, jota voisi hy\u00f6dynt\u00e4\u00e4 osana kehitysyhteisty\u00f6hankkeita? Oletko mahdollisesti valmis ty\u00f6skentelem\u00e4\u00e4n my\u00f6s hankehallinnoinnin parissa? Lue hankkeista tarkemmin hankesivuilta: <a href=\"https:\/\/vastuu.fi\/?page_id=972\">Libanon<\/a> \/ <a href=\"https:\/\/vastuu.fi\/?page_id=974\">Turkki<\/a>.<\/p>\n<p><strong>Ota yhteytt\u00e4:<\/strong><br \/>\nlibanon@vastuu.fi<br \/>\nest@vastuu.fi (Extreme Survival Team Libanonissa)<br \/>\nturkki@vastuu.fi<br \/>\n<a name=\"asiantuntemus\"><\/a><\/p>\n<h2>Anna asiantuntemustasi<\/h2>\n<p>Onko sinulla psykologista, tietoteknist\u00e4, viestint\u00e4- tai muuta osaamista, jota haluaisit tarjota j\u00e4rjest\u00f6llemme? Haluatko kouluttaa, konsultoida tai jakaa asiantuntemustasi muulla tavoin? Ota yhteytt\u00e4 puheenjohtaja@vastuu.fi, ja kerro ideastasi.<\/p>\n","protected":false},"excerpt":{"rendered":"<p>Voit osallistua PSV:n toimintaan paikallisryhmiss\u00e4, Paperittomien klinikalla, vaikuttamisty\u00f6ryhm\u00e4ss\u00e4, kehitysyhteisty\u00f6hankkeissa, tai antamalla asiantuntemustasi! Lahjoitusyhteystiedot l\u00f6yd\u00e4t omilta sivuiltaan: Lahjoita \/ Liity kannatusj\u00e4seneksi. Paikallistoiminta Haluaisitko tavata muita psykologeja ja psykologian opiskelijoita, jotka tahtovat hy\u00f6dynt\u00e4\u00e4 ammattitaitoaan oikeudenmukaisemman maailman rakentamisessa? Kiinnostaako esimerkiksi erilaisten tapahtumien ja koulutusten suunnitteleminen yhdess\u00e4 toisten kanssa? Tai onko sinulla ehk\u00e4 mieless\u00e4si jokin uusi toimintaidea, joka odottaa [&hellip;]<\/p>\n","protected":false},"author":1,"featured_media":0,"parent":0,"menu_order":0,"comment_status":"closed","ping_status":"closed","template":"","meta":{"_monsterinsights_skip_tracking":false,"_monsterinsights_sitenote_active":false,"_monsterinsights_sitenote_note":"","_monsterinsights_sitenote_category":0,"footnotes":""},"class_list":["post-25","page","type-page","status-publish","hentry"],"_links":{"self":[{"href":"https:\/\/vastuu.fi\/index.php?rest_route=\/wp\/v2\/pages\/25","targetHints":{"allow":["GET"]}}],"collection":[{"href":"https:\/\/vastuu.fi\/index.php?rest_route=\/wp\/v2\/pages"}],"about":[{"href":"https:\/\/vastuu.fi\/index.php?rest_route=\/wp\/v2\/types\/page"}],"author":[{"embeddable":true,"href":"https:\/\/vastuu.fi\/index.php?rest_route=\/wp\/v2\/users\/1"}],"replies":[{"embeddable":true,"href":"https:\/\/vastuu.fi\/index.php?rest_route=%2Fwp%2Fv2%2Fcomments&post=25"}],"version-history":[{"count":13,"href":"https:\/\/vastuu.fi\/index.php?rest_route=\/wp\/v2\/pages\/25\/revisions"}],"predecessor-version":[{"id":1837,"href":"https:\/\/vastuu.fi\/index.php?rest_route=\/wp\/v2\/pages\/25\/revisions\/1837"}],"wp:attachment":[{"href":"https:\/\/vastuu.fi\/index.php?rest_route=%2Fwp%2Fv2%2Fmedia&parent=25"}],"curies":[{"name":"wp","href":"https:\/\/api.w.org\/{rel}","templated":true}]}}