{"id":969,"date":"2018-10-21T20:48:02","date_gmt":"2018-10-21T17:48:02","guid":{"rendered":"https:\/\/vastuu.fi\/?page_id=969"},"modified":"2022-11-21T23:16:21","modified_gmt":"2022-11-21T21:16:21","slug":"paattyneet-hankkeet","status":"publish","type":"page","link":"https:\/\/vastuu.fi\/?page_id=969","title":{"rendered":"P\u00e4\u00e4ttyneet hankkeet"},"content":{"rendered":"<h2>Turkki<\/h2>\n<div class=\"entry-content\">\n<div data-canvas-width=\"862.5870013037513\">\n<h2>Sosiaalisen trauman kanssa selviytyminen: Apua avuntarjoajille<\/h2>\n<p>Sosiaalisen trauman kanssa selviytyminen: Apua avuntarjoajille on vuonna 2013 alkanut, PSV:n ja Human Rights Foundation Turkey:n (HRFT) kanssa toteutettu kehitysyhteisty\u00f6hanke Turkin kaakkoisosassa. Projekti on kohdistettu erityisesti kidutettujen ja heid\u00e4n l\u00e4heistens\u00e4 kanssa ty\u00f6skentelevien mielenterveysalan ammattilaisten ja vapaaehtoisty\u00f6ntekij\u00f6iden ammattitaidon ja ty\u00f6kyvyn yll\u00e4pit\u00e4miseen. HRFT tarjoaa ilmaista kuntoutuspalvelua kidutusta kokeneille ja heid\u00e4n l\u00e4heisilleen.<\/p>\n<p>Alueella hoidon tarve johtuu sek\u00e4 pitk\u00e4st\u00e4 aseellisten konfliktien historiasta ett\u00e4 pakolaisten m\u00e4\u00e4r\u00e4n lis\u00e4\u00e4ntymisest\u00e4 etenkin Syyrian ja Irakin alueilta. Alueella ty\u00f6skentelee hyvin v\u00e4h\u00e4n psykologeja tai muita traumaty\u00f6n ammattilaisia, joten on ensiarvoisen t\u00e4rke\u00e4\u00e4 yll\u00e4pit\u00e4\u00e4 v\u00e4h\u00e4isten ammattilaisten toimintakyky\u00e4. Eritt\u00e4in vaativa ja henkisesti kuormittava ty\u00f6 altistaa ty\u00f6uupumukselle, sijaistraumatisoitumiselle ja johtaa ty\u00f6ntekij\u00f6iden korkeaan vaihtuvuuteen, sek\u00e4 alhaisempaan hoidon laatuun. Er\u00e4s merkitt\u00e4vimmist\u00e4 tavoista tukea henkisesti kuormittavaa ty\u00f6t\u00e4 tekevien jaksamista on ty\u00f6nohjaus, joka lis\u00e4\u00e4 sek\u00e4 ammattitaitoa ett\u00e4 tarjoaa tilan kuormittavien asioiden k\u00e4sittelyyn. Esim. Suomessa ammatillista ty\u00f6nohjaus mainitaan mielenterveyslaissa mielenterveyspalvelujen edellytyksen\u00e4, mutta HRFT:n toiminta-alueella t\u00e4h\u00e4n ei ole aiemmin ollut resursseja.<\/p>\n<p>Hankkeen avulla on j\u00e4rjestetty ammatillista ty\u00f6nohjausta sek\u00e4 psykologeille, psykiatreille ett\u00e4 sosiaality\u00f6ntekij\u00f6ille, mutta my\u00f6s vapaaehtoisille jotka ty\u00f6skentelev\u00e4t kidutettujen ja heid\u00e4n l\u00e4heistens\u00e4 kanssa. Ammattitaitoa ja ty\u00f6kyky\u00e4 on lis\u00e4ksi yll\u00e4pidetty ammatillisilla koulutusp\u00e4ivill\u00e4, joiden aiheet on valittu yhteisty\u00f6ss\u00e4 ty\u00f6ntekij\u00f6iden kanssa. Hankkeen avulla on my\u00f6s j\u00e4rjestetty yksil\u00f6psykologisia tukik\u00e4yntej\u00e4 HRFT:n ty\u00f6ntekij\u00f6ille, organisoitu julkisia paneelikeskusteluita ja tuotu yhteen alueen eri toimijoita.<\/p>\n<p>Hankkeen ensimm\u00e4inen vaihe on p\u00e4\u00e4ttyi vuonna 2016. Hankkeelle haettiin jatkorahoitusta vuonna 2018, mutta sit\u00e4 ei saatu. T\u00e4ll\u00e4 hetkell\u00e4 mietit\u00e4\u00e4nkin, miten ja millaista ty\u00f6t\u00e4 Turkissa voidaan jatkaa.<\/p>\n<p>Ota yhteytt\u00e4: turkki@vastuu.fi<\/p>\n<\/div>\n<h2>Palestiina 2012\u20132014<\/h2>\n<p>PSV on tehnyt yhteisty\u00f6t\u00e4 Palestiinalaisalueilla toimivan Palestinian Medical Relief Society (PMRS) -j\u00e4rjest\u00f6n kanssa 2000-luvulla useassa hankkeessa. Viimeisin PSV:n j\u00e4rjest\u00e4m\u00e4 ja p\u00e4\u00e4osin Ulkoasiainministeri\u00f6n tukema hanke oli 1.1.2012\u201331.12.2014. T\u00e4m\u00e4nkin j\u00e4lkeen PMRS:ss\u00e4 on tehty PSV:n yksityisten lahjoittajien tukemaa psykososiaalista ty\u00f6t\u00e4.<\/p>\n<p><a href=\"http:\/\/www.pmrs.ps\/\">PMRS<\/a> on yksi suurimmista terveysalan kansalaisj\u00e4rjest\u00f6ist\u00e4 Palestiinalaisalueilla. Yhteisty\u00f6 PSV:n kanssa on pyrkinyt kehitt\u00e4m\u00e4\u00e4n psykososiaalista n\u00e4k\u00f6kulmaa palestiinalaisten mielenterveysongelmien hoitoon. Hankkeessa palkattiin nelj\u00e4 psykologia tekem\u00e4\u00e4n mielenterveysty\u00f6t\u00e4 sek\u00e4 PMRS:n sairaaloissa ett\u00e4 ihmisten kotona ja kouluttamaan muita sosiaali- ja terveysalan ty\u00f6ntekij\u00f6it\u00e4.<\/p>\n<p>PSV on vuosien varrella j\u00e4rjest\u00e4nyt koulutusta PMRS:n ty\u00f6ntekij\u00f6ille mm. lasten ja vanhempien v\u00e4listen vuorovaikutusongelmien hoitamisesta <a href=\"http:\/\/www.theraplay.fi\/\">Theraplay<\/a>-menetelm\u00e4lll\u00e4, <a href=\"http:\/\/www.sarimarkkanen.com\/sari.html\">mindfulnessin k\u00e4ytt\u00e4misest\u00e4 stressin s\u00e4\u00e4telyyn<\/a>, sek\u00e4 traumoihin liittyvien oireiden hoitamisesta <a href=\"https:\/\/www.vivo.org\/en\/narrative-expositionstherapie\/\">narratiivisella altistusterapialla<\/a>.<\/p>\n<h2>Namibia 2009-2013<\/h2>\n<p>Namibian p\u00e4\u00e4kaupunkissa Windhoekissa sijaitseva People\u2019s Education, Assistance &amp; Counselling for Empowerment (PEACE) -keskuksen ty\u00f6 fokusoitui trauman kierteen katkaisuun.&nbsp;PEACE&nbsp; perustettiin 90-luvun alkupuolella auttamaan ihmisi\u00e4 toipumaan rakenteellisen v\u00e4kivallan, kuten sodan, vaikutuksista. Toiminnan piiriss\u00e4&nbsp;oli my\u00f6s perhev\u00e4kivallan sek\u00e4 muiden v\u00e4kivallan muotojen uhreja sek\u00e4 ennalta ehk\u00e4isev\u00e4\u00e4 toimintaa.&nbsp;PEACEn tavoitteena oli saada aikaan henkist\u00e4 hyvinvointia Namibiassa, sek\u00e4 kehitt\u00e4\u00e4 yh\u00e4 parempia t\u00e4h\u00e4n ty\u00f6h\u00f6n&nbsp;liittyvi\u00e4 menetelmi\u00e4.<\/p>\n<p>Suomen l\u00e4hetyst\u00f6 oli vuosien ajan tehnyt paikallista yhteisty\u00f6t\u00e4 Windhoekissa PEACEn kanssa, mutta mahdollisuudet tukea keskusta loppuivat v. 2006 ja l\u00e4hetyst\u00e4 haki uutta kumppania Suomesta. Tuolloin PSV ja PEACE l\u00f6ysiv\u00e4t eri sattumien ansiosta toisensa yhteisty\u00f6kumppaneina.PEACE&nbsp; koulutti muun ty\u00f6n ohella viranomaisia traumaan liittyviss\u00e4 asioissa ja&nbsp;n\u00e4ki t\u00e4rke\u00e4ksi traumatiedon ja -osaamisen viemisen my\u00f6s p\u00e4\u00e4kaupunkiseudun ulkopuolelle.<\/p>\n<p>Kun PSV:n ja PEACE:n yhteinen hanke alkoi v. 2009, koulutus muodostui sen keskeiseksi toimintaymp\u00e4rist\u00f6ksi. Hanke sai tukea Suomen ulkoministeri\u00f6n kehitysyhteisty\u00f6m\u00e4\u00e4r\u00e4rahoista kolmeksi vuodeksi ja niiden vuosien ajan hanke keskittyi p\u00e4\u00e4osin koulutukseen. Tarkoituksena oli kouluttaa nimenomaan Namibian p\u00e4\u00e4kaupungin Windhoekin ulkopuolella traumojen kanssa ty\u00f6skentelevi\u00e4 ihmisi\u00e4. Koulutuksissa oli mukana mm. sairaanhoitajia, opettajia, maalikkopappeja, sosiaality\u00f6ntekij\u00f6it\u00e4 ja psykologeja. Kouluttajina toimivat PEACE:n ty\u00f6ntekij\u00e4t sek\u00e4 my\u00f6s Suomesta tulleet kouluttajat. Hankeessa tuettiin my\u00f6s PEACE:ssa tehty\u00e4 terapiaty\u00f6t\u00e4, vertaistukitoimintaa sek\u00e4 PEACE:n henkil\u00f6kunnan jaksamista.<\/p>\n<p>Hanke p\u00e4\u00e4ttyi v. 2013 ja samoihin aikoihin PEACE valitettavasti menetti my\u00f6s muita ulkomaisia tukijoita. Toiminta jouduttiin ajamaan alas. PEACE:n tulevaisuus ja sen tekem\u00e4 todella ansiokas ty\u00f6 on toistaiseksi j\u00e4iss\u00e4. K\u00e4sityksemme mukaan traumaty\u00f6ntekij\u00e4t kuitenkin hy\u00f6dynt\u00e4v\u00e4t hankkeen kautta saavutettua uutta osaamista ty\u00f6ss\u00e4\u00e4n edelleen. Kiit\u00e4mme tukijoita, jotka olivat mukana PEACE-hankkeen rahoittajina sek\u00e4 seurasivat ja kannustivat hankkeen etenemist\u00e4 sen eri vaiheissa.<\/p>\n<h2>Turvapaikanhakijat<\/h2>\n<p>PSV teki yhteisty\u00f6t\u00e4 Suomen Punaisen Ristin kanssa p\u00e4\u00e4kaupunkiseudun vastaanottokeskuksissa vuosina 2016-2018. Kes\u00e4n ja syksyn 2016 aikana vastaanottokeskuksissa pilotoitiin stressinhallintaan ja rentoutumistaitojen omaksumiseen t\u00e4ht\u00e4\u00e4vi\u00e4 ryhmi\u00e4 turvapaikanhakijoille.&nbsp;Vuonna 2017 PSV:n vapaaehtoiset jatkoivat ryhm\u00e4toimintaa erityisesti alaik\u00e4isin\u00e4 Suomeen tulleiden turvapaikanhakijoiden kanssa sek\u00e4 lis\u00e4siv\u00e4t resursseja monimuotoisten yksil\u00f6- ja ryhm\u00e4ty\u00f6nohjauksen tarjoamiseen vastaanottokeskuksissa ty\u00f6skenteleville ty\u00f6ntekij\u00f6ille. Lis\u00e4ksi tarjottiin my\u00f6s mahdollisuuksien mukaan yksil\u00f6keskusteluja.&nbsp;<span lang=\"FI\">Vuonna <span class=\"mark0do0amrym\" data-markjs=\"true\" data-ogac=\"\" data-ogab=\"\" data-ogsc=\"\" data-ogsb=\"\">2018<\/span>&nbsp;PSV:n vapaaehtoiset jatkoivat ryhm\u00e4toimintaa alaik\u00e4isen\u00e4 Suomeen tulleiden turvapaikanhakijoiden kanssa kes\u00e4\u00e4n <span class=\"mark0do0amrym\" data-markjs=\"true\" data-ogac=\"\" data-ogab=\"\" data-ogsc=\"\" data-ogsb=\"\">2018<\/span> saakka.&nbsp;<\/span><\/p>\n<p><span lang=\"FI\">Vapaaehtoisillamme oli my\u00f6s mahdollisuus osallistua Turun Kriisikeskuksen tarjoamaan toiminnallisen, mielenterveytt\u00e4 tukevan turvapaikanhakijoille suunnatun Keho ja mieli \u2013ryhm\u00e4n koulutukseen. Hankkeelle ker\u00e4ttiin lis\u00e4tuottoa ja n\u00e4kyvyytt\u00e4 haalarimerkkien myynnill\u00e4 opiskelijatapahtumissa.&nbsp;Toiminnallisten ty\u00f6pajojen toteuttamisessa hy\u00f6dynnettiin Turun Kriisikeskuksen Serene-jankkeessa kehiteltyj\u00e4 tukimuotoja, kuten rentoutus\u00e4\u00e4nitteit\u00e4, psykoedukatiivisia alkuinfoja sek\u00e4 kehon ja mielen hyvinvointiin liittyvi\u00e4 harjoitteita.&nbsp;<\/span><\/p>\n<p>Turvapaikanhakijoiden yhteiskunnallinen tilanne on kuitenkin muuttunut ja useita vastaanottokeskuksia on suljettu tai niiden jatko on ollut vaakalaudalla ja yhteisty\u00f6suhteita eri toimijoiden kanssa on ollut haastava luoda. T\u00e4ten hanke nykyisess\u00e4 muodossaan &nbsp;kolmivuotisen ty\u00f6n j\u00e4lkeen p\u00e4\u00e4tettiin.<\/p>\n<\/div>\n","protected":false},"excerpt":{"rendered":"<p>Turkki Sosiaalisen trauman kanssa selviytyminen: Apua avuntarjoajille Sosiaalisen trauman kanssa selviytyminen: Apua avuntarjoajille on vuonna 2013 alkanut, PSV:n ja Human Rights Foundation Turkey:n (HRFT) kanssa toteutettu kehitysyhteisty\u00f6hanke Turkin kaakkoisosassa. Projekti on kohdistettu erityisesti kidutettujen ja heid\u00e4n l\u00e4heistens\u00e4 kanssa ty\u00f6skentelevien mielenterveysalan ammattilaisten ja vapaaehtoisty\u00f6ntekij\u00f6iden ammattitaidon ja ty\u00f6kyvyn yll\u00e4pit\u00e4miseen. HRFT tarjoaa ilmaista kuntoutuspalvelua kidutusta kokeneille ja heid\u00e4n [&hellip;]<\/p>\n","protected":false},"author":1,"featured_media":0,"parent":0,"menu_order":0,"comment_status":"closed","ping_status":"closed","template":"","meta":{"_monsterinsights_skip_tracking":false,"_monsterinsights_sitenote_active":false,"_monsterinsights_sitenote_note":"","_monsterinsights_sitenote_category":0,"footnotes":""},"class_list":["post-969","page","type-page","status-publish","hentry"],"_links":{"self":[{"href":"https:\/\/vastuu.fi\/index.php?rest_route=\/wp\/v2\/pages\/969","targetHints":{"allow":["GET"]}}],"collection":[{"href":"https:\/\/vastuu.fi\/index.php?rest_route=\/wp\/v2\/pages"}],"about":[{"href":"https:\/\/vastuu.fi\/index.php?rest_route=\/wp\/v2\/types\/page"}],"author":[{"embeddable":true,"href":"https:\/\/vastuu.fi\/index.php?rest_route=\/wp\/v2\/users\/1"}],"replies":[{"embeddable":true,"href":"https:\/\/vastuu.fi\/index.php?rest_route=%2Fwp%2Fv2%2Fcomments&post=969"}],"version-history":[{"count":4,"href":"https:\/\/vastuu.fi\/index.php?rest_route=\/wp\/v2\/pages\/969\/revisions"}],"predecessor-version":[{"id":2371,"href":"https:\/\/vastuu.fi\/index.php?rest_route=\/wp\/v2\/pages\/969\/revisions\/2371"}],"wp:attachment":[{"href":"https:\/\/vastuu.fi\/index.php?rest_route=%2Fwp%2Fv2%2Fmedia&parent=969"}],"curies":[{"name":"wp","href":"https:\/\/api.w.org\/{rel}","templated":true}]}}