{"id":972,"date":"2018-10-21T20:54:37","date_gmt":"2018-10-21T17:54:37","guid":{"rendered":"https:\/\/vastuu.fi\/?page_id=972"},"modified":"2025-12-01T08:43:57","modified_gmt":"2025-12-01T06:43:57","slug":"libanon","status":"publish","type":"page","link":"https:\/\/vastuu.fi\/?page_id=972","title":{"rendered":"Psykologien Sosiaalinen Vastuu ry:n mielenterveyshanke palestiinalaisj\u00e4rjest\u00f6n ty\u00f6n tueksi Libanonin pakolaisleireiss\u00e4"},"content":{"rendered":"\n<p>Ulkoministeri\u00f6 on my\u00f6nt\u00e4nyt PSV:n hankkeelle &#8221;Mielenterveyden edist\u00e4minen Libanonin pakolaisleireill\u00e4&#8221; (va-um-2024-2-42) tuen vuosiksi 2025-2028. Hankkeelle annettiin arabiankielinen lyhytnimi Azima, mik\u00e4 tarkoittaa sinnik\u00e4st\u00e4 toimintaa vaikeuksista huolimatta.&nbsp;<\/p>\n\n\n\n<p>Azima-hanke vahvistaa Libanonin pakolaisleireill\u00e4 toimivien perhekeskusten ammattilaisten kompetenssia ja psykologista resilienssi\u00e4 sek\u00e4 leireiss\u00e4 asuvien perheiden mielenterveytt\u00e4 ja kriisinkest\u00e4vyytt\u00e4 ajankohtaisessa akuutissa L\u00e4hi-id\u00e4n tilanteessa sek\u00e4 Libanonin yhteiskunnallisessa ep\u00e4vakaudessa<\/p>\n\n\n\n<p>Anu Castaneda on projektip\u00e4\u00e4llikk\u00f6, Veera Nieminen kordinaattori, Nina Lyytinen kouluttaja ja Sirkku Kivist\u00f6 avustaja.&nbsp;<\/p>\n\n\n\n<p>Tutustu hankesuunnitelmaan! Ei ihan helppo paperi, mutta kehitysyhteisty\u00f6 on hyvin m\u00e4\u00e4r\u00e4muotoista.<\/p>\n\n\n\n<p>Hankesuunnitelma&nbsp;<a href=\"https:\/\/vastuu.fi\/wp-content\/uploads\/2024\/06\/Avustushakemus_56ac9adb-e5ac-41c3-1bc2-08dc3a174919.pdf\" target=\"_blank\" rel=\"noreferrer noopener\">https:\/\/vastuu.fi\/wp-content\/uploads\/2024\/06\/Avustushakemus_56ac9adb-e5ac-41c3-1bc2-08dc3a174919.pdf<\/a><\/p>\n\n\n<div class=\"wp-block-image\">\n<figure class=\"aligncenter size-large is-resized\"><img loading=\"lazy\" decoding=\"async\" width=\"1012\" height=\"1024\" src=\"https:\/\/vastuu.fi\/wp-content\/uploads\/2020\/08\/BAS-logo-1012x1024.png\" alt=\"\" class=\"wp-image-1808\" style=\"width:160px;height:auto\" srcset=\"https:\/\/vastuu.fi\/wp-content\/uploads\/2020\/08\/BAS-logo-1012x1024.png 1012w, https:\/\/vastuu.fi\/wp-content\/uploads\/2020\/08\/BAS-logo-296x300.png 296w, https:\/\/vastuu.fi\/wp-content\/uploads\/2020\/08\/BAS-logo-768x777.png 768w, https:\/\/vastuu.fi\/wp-content\/uploads\/2020\/08\/BAS-logo-1518x1536.png 1518w, https:\/\/vastuu.fi\/wp-content\/uploads\/2020\/08\/BAS-logo.png 1692w\" sizes=\"auto, (max-width: 1012px) 100vw, 1012px\" \/><\/figure><\/div>\n\n\n<p>V\u00e4litt\u00f6min tapa aloittaa osallistuminen hankkeeseen olisi ilmoittautuminen tukiker\u00e4ykseen itselle sopivalla summalla. Hankebudjetissa omarahoitusosuus on 17 500 \u20ac, joka hankitaan ker\u00e4yksell\u00e4. Haku mukaan osoitteella psv (at) vastuu.fi <br>Viestiksi: Liityn Aziman tukijoihin<\/p>\n\n\n\n<p>Ker\u00e4ys on samalla vaatimus nostaa kehitysyhteisty\u00f6n rahoitus valtion budjetissa YK:n asettamaan tavoitteeseen 0,7 prosenttia kansantulosta. Viime vuosina osuus on ollut karkeasti noin 0,4\u20130,5&nbsp;prosenttia. Asevaraisen turvallisuuden m\u00e4\u00e4r\u00e4rahat kasvavat. Huolestuttavaa, ett\u00e4 inhimillisen turvallisuuden rakenteiden vahvistamiseen ei satsata yht\u00e4 lailla.<\/p>\n\n\n\n<p>Beit Atfal Assumoudin johtaja Kassem Aina (oikealla) vieraili Suomessa 10.-16.2.2025 ja ilmaisi, ett\u00e4 pit\u00e4\u00e4 Azima-hanketta hyvin selke\u00e4n\u00e4 ja eritt\u00e4in tervetulleena kehityssyk\u00e4yksen\u00e4 yhteis\u00f6perustaiselle mielenterveysty\u00f6lle. Kirsti Palosen ottamassa kuvassa olemme eduskunnan pikkuparlamentin rakennuksessa odottamassa kansanedustajien tapaamista. Kuvassa Sirkku, Vera, Alva ja Kassem. Taustalla Aimo Katajam\u00e4en teos Puun kansaa.<\/p>\n\n\n\n<p>Vera Gergov em\u00e4nn\u00f6i vierailua Psykologiliitossa. Kassem Aina vaikuttui ja kertoi viev\u00e4ns\u00e4 Veran esittelyn Psykologiliitosta Libanonin psykologiliitolle.<\/p>\n\n\n\n<figure class=\"wp-block-image size-large\"><img loading=\"lazy\" decoding=\"async\" width=\"1024\" height=\"741\" src=\"https:\/\/vastuu.fi\/wp-content\/uploads\/2025\/03\/Vierailu-eduskunnassa_11.2.2025_kuva-Kirsti-Palonen_9508-2-1024x741.jpeg\" alt=\"\" class=\"wp-image-2647\" srcset=\"https:\/\/vastuu.fi\/wp-content\/uploads\/2025\/03\/Vierailu-eduskunnassa_11.2.2025_kuva-Kirsti-Palonen_9508-2-1024x741.jpeg 1024w, https:\/\/vastuu.fi\/wp-content\/uploads\/2025\/03\/Vierailu-eduskunnassa_11.2.2025_kuva-Kirsti-Palonen_9508-2-300x217.jpeg 300w, https:\/\/vastuu.fi\/wp-content\/uploads\/2025\/03\/Vierailu-eduskunnassa_11.2.2025_kuva-Kirsti-Palonen_9508-2-768x556.jpeg 768w, https:\/\/vastuu.fi\/wp-content\/uploads\/2025\/03\/Vierailu-eduskunnassa_11.2.2025_kuva-Kirsti-Palonen_9508-2.jpeg 1280w\" sizes=\"auto, (max-width: 1024px) 100vw, 1024px\" \/><\/figure>\n\n\n\n<p><\/p>\n\n\n\n<h2 class=\"wp-block-heading\">PSV:n ker\u00e4ysesite tulostettavissa<br><a href=\"https:\/\/vastuu.fi\/wp-content\/uploads\/2022\/08\/PSV_esite.pdf\" data-type=\"URL\" data-id=\"https:\/\/vastuu.fi\/wp-content\/uploads\/2022\/08\/PSV_esite.pdf\">https:\/\/vastuu.fi\/wp-content\/uploads\/2022\/08\/PSV_esite.pdf <\/a><\/h2>\n\n\n\n<p><\/p>\n\n\n\n<div data-wp-interactive=\"core\/file\" class=\"wp-block-file\"><object data-wp-bind--hidden=\"!state.hasPdfPreview\" hidden class=\"wp-block-file__embed\" data=\"https:\/\/vastuu.fi\/wp-content\/uploads\/2022\/08\/PSV_esite.pdf\" type=\"application\/pdf\" style=\"width:100%;height:600px\" aria-label=\"Tiedoston PSV_esite upotus.\"><\/object><a id=\"wp-block-file--media-d34fa102-dc8b-48e2-b17e-b6a67c171982\" href=\"https:\/\/vastuu.fi\/wp-content\/uploads\/2022\/08\/PSV_esite.pdf\">PSV_esite<\/a><a href=\"https:\/\/vastuu.fi\/wp-content\/uploads\/2022\/08\/PSV_esite.pdf\" class=\"wp-block-file__button wp-element-button\" download aria-describedby=\"wp-block-file--media-d34fa102-dc8b-48e2-b17e-b6a67c171982\">Lataa<\/a><\/div>\n\n\n\n<h2 class=\"wp-block-heading\"><strong>Raportti hankek\u00e4ynnist\u00e4 Libanoniin joulukuussa 2021<\/strong><\/h2>\n\n\n\n<p><a href=\"https:\/\/vastuu.fi\/wp-content\/uploads\/2021\/12\/Project-visit-December-2021_FiPSR_BAS.pdf\">https:\/\/vastuu.fi\/wp-content\/uploads\/2021\/12\/Project-visit-December-2021_FiPSR_BAS.pdf<\/a><\/p>\n\n\n<div class=\"wp-block-image\">\n<figure class=\"aligncenter\"><a href=\"https:\/\/vastuu.fi\/?attachment_id=2174\" rel=\"attachment wp-att-2174\"><img loading=\"lazy\" decoding=\"async\" width=\"1024\" height=\"683\" src=\"https:\/\/vastuu.fi\/wp-content\/uploads\/2021\/12\/IMG_7106-1024x683.jpg\" alt=\"Vierailu Saidan perheneuvolassa 7.12.2021\" class=\"wp-image-2174\" title=\"Saidan perheneuvolassa 7.12.2021\" srcset=\"https:\/\/vastuu.fi\/wp-content\/uploads\/2021\/12\/IMG_7106-1024x683.jpg 1024w, https:\/\/vastuu.fi\/wp-content\/uploads\/2021\/12\/IMG_7106-300x200.jpg 300w, https:\/\/vastuu.fi\/wp-content\/uploads\/2021\/12\/IMG_7106-768x512.jpg 768w, https:\/\/vastuu.fi\/wp-content\/uploads\/2021\/12\/IMG_7106-1536x1024.jpg 1536w, https:\/\/vastuu.fi\/wp-content\/uploads\/2021\/12\/IMG_7106-2048x1365.jpg 2048w, https:\/\/vastuu.fi\/wp-content\/uploads\/2021\/12\/IMG_7106-330x220.jpg 330w\" sizes=\"auto, (max-width: 1024px) 100vw, 1024px\" \/><\/a><\/figure><\/div>\n\n\n<h4 class=\"wp-block-heading has-text-align-left\">Sadutusaineistoa<\/h4>\n\n\n\n<p>E-book of stories collected by storycrafting-method from children and elderly persons&nbsp;<a href=\"https:\/\/vastuu.fi\/wp-content\/uploads\/2019\/01\/PSV_FiPSR_Utters_of_Shutters.pdf\">PSV_FiPSR_Utters_of_Shutters<\/a><\/p>\n\n\n\n<p>Video about the story-correspondence between Shatila and Kotka<br><a href=\"https:\/\/www.youtube.com\/watch?v=yfNyd0x39n0\">Storybridge Kotka \u2013 Beirut, Riihel\u00e4 &amp; Filminova 2002, 32 min.<\/a><\/p>\n\n\n\n<p><\/p>\n\n\n\n<p><\/p>\n\n\n\n<p><\/p>\n\n\n\n<p><\/p>\n","protected":false},"excerpt":{"rendered":"<p>Ulkoministeri\u00f6 on my\u00f6nt\u00e4nyt PSV:n hankkeelle &#8221;Mielenterveyden edist\u00e4minen Libanonin pakolaisleireill\u00e4&#8221; (va-um-2024-2-42) tuen vuosiksi 2025-2028. Hankkeelle annettiin arabiankielinen lyhytnimi Azima, mik\u00e4 tarkoittaa sinnik\u00e4st\u00e4 toimintaa vaikeuksista huolimatta.&nbsp; Azima-hanke vahvistaa Libanonin pakolaisleireill\u00e4 toimivien perhekeskusten ammattilaisten kompetenssia ja psykologista resilienssi\u00e4 sek\u00e4 leireiss\u00e4 asuvien perheiden mielenterveytt\u00e4 ja kriisinkest\u00e4vyytt\u00e4 ajankohtaisessa akuutissa L\u00e4hi-id\u00e4n tilanteessa sek\u00e4 Libanonin yhteiskunnallisessa ep\u00e4vakaudessa Anu Castaneda on projektip\u00e4\u00e4llikk\u00f6, Veera [&hellip;]<\/p>\n","protected":false},"author":1,"featured_media":0,"parent":0,"menu_order":0,"comment_status":"closed","ping_status":"closed","template":"","meta":{"_monsterinsights_skip_tracking":false,"_monsterinsights_sitenote_active":false,"_monsterinsights_sitenote_note":"","_monsterinsights_sitenote_category":0,"footnotes":""},"class_list":["post-972","page","type-page","status-publish","hentry"],"_links":{"self":[{"href":"https:\/\/vastuu.fi\/index.php?rest_route=\/wp\/v2\/pages\/972","targetHints":{"allow":["GET"]}}],"collection":[{"href":"https:\/\/vastuu.fi\/index.php?rest_route=\/wp\/v2\/pages"}],"about":[{"href":"https:\/\/vastuu.fi\/index.php?rest_route=\/wp\/v2\/types\/page"}],"author":[{"embeddable":true,"href":"https:\/\/vastuu.fi\/index.php?rest_route=\/wp\/v2\/users\/1"}],"replies":[{"embeddable":true,"href":"https:\/\/vastuu.fi\/index.php?rest_route=%2Fwp%2Fv2%2Fcomments&post=972"}],"version-history":[{"count":69,"href":"https:\/\/vastuu.fi\/index.php?rest_route=\/wp\/v2\/pages\/972\/revisions"}],"predecessor-version":[{"id":2741,"href":"https:\/\/vastuu.fi\/index.php?rest_route=\/wp\/v2\/pages\/972\/revisions\/2741"}],"wp:attachment":[{"href":"https:\/\/vastuu.fi\/index.php?rest_route=%2Fwp%2Fv2%2Fmedia&parent=972"}],"curies":[{"name":"wp","href":"https:\/\/api.w.org\/{rel}","templated":true}]}}