{"id":974,"date":"2018-10-21T20:56:09","date_gmt":"2018-10-21T17:56:09","guid":{"rendered":"https:\/\/vastuu.fi\/?page_id=974"},"modified":"2026-03-01T12:10:16","modified_gmt":"2026-03-01T10:10:16","slug":"turkki-2","status":"publish","type":"page","link":"https:\/\/vastuu.fi\/?page_id=974","title":{"rendered":"Afganistan"},"content":{"rendered":"<h3>Psykologien Sosiaalisen Vastuu ry:n (PSV) uusi projekti: Afganistanilaisen opettajan ty\u00f6n tukeminen. Projekti tehd\u00e4\u00e4n yhteisty\u00f6ss\u00e4 Silti min\u00e4 nousen ry:n kanssa.<\/h3>\n<div style=\"height: 12px;\">\u00a0<\/div>\n<p>Afganistanin katastrofaalinen humanitaarinen kriisi on unohdettu ja l\u00e4nsimaissa ei ole otettu<br \/>vastuuta siit\u00e4, miten ne ovat historian saatossa aiheuttaneet kriisin. Suuri osa afganistanilaisista<br \/>pakolaisista l\u00e4htee naapurimaihin, kuten Iraniin ja Pakistaniin. Uudessa projektissaan PSV tukee<br \/>afganistanilaisia naisia ja lapsia. Pilottiprojekti alkoi vuonna 2022.<\/p>\n<p>Projekti toteutetaan tiiviiss\u00e4 yhteisty\u00f6ss\u00e4 paikallisten vapaaehtoisten ja aktivistien kanssa, ja<br \/>tehd\u00e4\u00e4n yhteisty\u00f6ss\u00e4 Silti min\u00e4 nousen ry:n kanssa. Silti min\u00e4 nousen ry tukee afganistanilaisia<br \/>pakolaisia Pakistanissa sek\u00e4 muita haavoittuvassa asemassa olevia ryhmi\u00e4, ja sill\u00e4 on suorat<br \/>yhteydet paikallisiin toimijoihin. Projektissa tiedostetaan, ett\u00e4 humanitaarisessa ty\u00f6ss\u00e4 usein<br \/>toimijuus on l\u00e4nsimaisilla ihmisill\u00e4, ja siksi projektissa pyrit\u00e4\u00e4n siihen, ett\u00e4 paikallisilla olisi<br \/>mahdollisimman paljon valtaa toiminnassa.<\/p>\n<p>Projektissa palkattiinkin naisopettaja huhtikuussa 2022, ja projektissa tuetaan naisia ja lapsia, jotka<br \/>ovat erityisen haavoittuvassa asemassa Afganistanissa. Opetuksen my\u00f6t\u00e4 naiset ja lapset<br \/>p\u00e4\u00e4sev\u00e4t kehitt\u00e4m\u00e4\u00e4n taitojansa ja samalla heid\u00e4n psyykkinen hyvinvointinsa kasvaa.<\/p>\n<p>Opettaja aloitti ty\u00f6ns\u00e4 Pakistanin Islamabadissa. Siell\u00e4 h\u00e4n opetti touko-kes\u00e4kuussa kahta<br \/>yksinhuoltajaperhett\u00e4. Opettaja karkotettiin valitettavasti takaisin Afganistaniin kes\u00e4kuun lopussa,<br \/>mutta h\u00e4n jatkoi ty\u00f6t\u00e4\u00e4n siell\u00e4. H\u00e4nell\u00e4 on Afganistanissa nyt 15-20 henkil\u00f6n ryhm\u00e4, ja h\u00e4n on<br \/>toistaiseksi jatkamassa ty\u00f6t\u00e4\u00e4n siell\u00e4. Ryhm\u00e4ss\u00e4 on 5-14-vuotiaita lapsia sek\u00e4 aikuisia naisia. He<br \/>opettelevat erityisesti kirjoitus- ja lukutaitoja. Yhdess\u00e4 opiskelu on my\u00f6s t\u00e4rke\u00e4 tapa unohtaa huolet ja tuntea yhteenkuuluvuutta.<\/p>\n<p>Opettajan onnistui p\u00e4\u00e4st\u00e4 turvapaikanhakijaksi Italiaan kes\u00e4ll\u00e4 2023. Onneksi h\u00e4nen siskonsa pystyi jatkamaan ty\u00f6t\u00e4, ja sisko toimii nyt saman ryhm\u00e4n opettajana. Lahjoitukset menev\u00e4t siis hein\u00e4kuusta 2023 l\u00e4htien t\u00e4m\u00e4n uuden opettajan tukemiseen, mutta opetettava ryhm\u00e4 on pysynyt samana. Voit tukea opettajan ty\u00f6t\u00e4 tekem\u00e4ll\u00e4 kertalahjoituksen tai ryhtym\u00e4ll\u00e4 kuukausilahjoittajaksi.<\/p>\n<p>Tilitiedot<br \/>Nimi: Psykologien Sosiaalinen Vastuu<br \/>Tilinumero: FI 25 8000 6710 0878 34<br \/>Viitenumero: 217<\/p>\n<p>Voit valita haluamasi summan kertalahjoituksessa. Jos haluat kuukausilahjoittajaksi, ota yhteytt\u00e4<br \/>vastuuhenkil\u00f6 Taru Saareen.<br \/>Ker\u00e4yslupa: Poliisihallitus 22.10.2020 RA\/2020\/1295<br \/>Projektin vastuuhenkil\u00f6 on Taru Saari (taru.saari@outlook.com, 0407557253)<\/p>\n<p><strong>Projektin vuoden 2025 loppuraportti:<br \/><\/strong><a href=\"https:\/\/vastuu.fi\/wp-content\/uploads\/2026\/03\/afganistanloppuraportti-2025.pdf\">https:\/\/vastuu.fi\/wp-content\/uploads\/2026\/03\/afganistanloppuraportti-2025.pdf<\/a><strong><br \/><\/strong><\/p>\n<p><strong>Projektin vuoden 2024 loppuraportti:<br \/><\/strong><a href=\"https:\/\/vastuu.fi\/wp-content\/uploads\/2025\/03\/Vuoden-2024-loppuraportti-projektista-Afganistanilaisen-opettajan-tukeminen.pdf\">https:\/\/vastuu.fi\/wp-content\/uploads\/2025\/03\/Vuoden-2024-loppuraportti-projektista-Afganistanilaisen-opettajan-tukeminen.pdf<\/a><\/p>\n<p><strong>Projektin vuoden 2023 loppuraportti:<br \/><\/strong><a href=\"https:\/\/vastuu.fi\/wp-content\/uploads\/2024\/02\/Afganistan-loppuraportti2023-1.pdf\">https:\/\/vastuu.fi\/wp-content\/uploads\/2024\/02\/Afganistan-loppuraportti2023-1.pdf<\/a><\/p>\n<p><span style=\"color: #333333;\"><strong>Projektin vuoden 2022 loppuraportti:<br \/><\/strong><\/span><span style=\"color: #2ba0e3;\"><a style=\"color: #2ba0e3;\" href=\"https:\/\/vastuu.fi\/wp-content\/uploads\/2023\/01\/opettajaloppuraporttifinal230123.pdf\">https:\/\/vastuu.fi\/wp-content\/uploads\/2023\/01\/opettajaloppuraporttifinal230123.pdf<\/a><\/span><\/p>\n<div style=\"height: 12px;\">\u00a0<\/div>\n\n\n<figure class=\"wp-block-image size-large\"><img decoding=\"async\" src=\"https:\/\/vastuu.fi\/wp-content\/uploads\/2023\/01\/teacher-blurre.jpg\" alt=\"\" class=\"wp-image-2088\"\/><figcaption class=\"wp-element-caption\">Opettaja Afganistanissa ryhm\u00e4ns\u00e4 kanssa<\/figcaption><\/figure>\n","protected":false},"excerpt":{"rendered":"<p>Psykologien Sosiaalisen Vastuu ry:n (PSV) uusi projekti: Afganistanilaisen opettajan ty\u00f6n tukeminen. Projekti tehd\u00e4\u00e4n yhteisty\u00f6ss\u00e4 Silti min\u00e4 nousen ry:n kanssa. \u00a0 Afganistanin katastrofaalinen humanitaarinen kriisi on unohdettu ja l\u00e4nsimaissa ei ole otettuvastuuta siit\u00e4, miten ne ovat historian saatossa aiheuttaneet kriisin. Suuri osa afganistanilaisistapakolaisista l\u00e4htee naapurimaihin, kuten Iraniin ja Pakistaniin. Uudessa projektissaan PSV tukeeafganistanilaisia naisia ja lapsia. [&hellip;]<\/p>\n","protected":false},"author":1,"featured_media":0,"parent":0,"menu_order":0,"comment_status":"closed","ping_status":"closed","template":"","meta":{"_monsterinsights_skip_tracking":false,"_monsterinsights_sitenote_active":false,"_monsterinsights_sitenote_note":"","_monsterinsights_sitenote_category":0,"footnotes":""},"class_list":["post-974","page","type-page","status-publish","hentry"],"_links":{"self":[{"href":"https:\/\/vastuu.fi\/index.php?rest_route=\/wp\/v2\/pages\/974","targetHints":{"allow":["GET"]}}],"collection":[{"href":"https:\/\/vastuu.fi\/index.php?rest_route=\/wp\/v2\/pages"}],"about":[{"href":"https:\/\/vastuu.fi\/index.php?rest_route=\/wp\/v2\/types\/page"}],"author":[{"embeddable":true,"href":"https:\/\/vastuu.fi\/index.php?rest_route=\/wp\/v2\/users\/1"}],"replies":[{"embeddable":true,"href":"https:\/\/vastuu.fi\/index.php?rest_route=%2Fwp%2Fv2%2Fcomments&post=974"}],"version-history":[{"count":26,"href":"https:\/\/vastuu.fi\/index.php?rest_route=\/wp\/v2\/pages\/974\/revisions"}],"predecessor-version":[{"id":2767,"href":"https:\/\/vastuu.fi\/index.php?rest_route=\/wp\/v2\/pages\/974\/revisions\/2767"}],"wp:attachment":[{"href":"https:\/\/vastuu.fi\/index.php?rest_route=%2Fwp%2Fv2%2Fmedia&parent=974"}],"curies":[{"name":"wp","href":"https:\/\/api.w.org\/{rel}","templated":true}]}}